{"id":260,"date":"2021-04-06T15:55:21","date_gmt":"2021-04-06T19:55:21","guid":{"rendered":"http:\/\/ccli.machinedev.ca\/about-us\/"},"modified":"2025-08-07T14:02:44","modified_gmt":"2025-08-07T18:02:44","slug":"a-propos-de-nous","status":"publish","type":"page","link":"https:\/\/ccli.ubc.ca\/fr\/a-propos-de-nous\/","title":{"rendered":"\u00c0 propos de nous"},"content":{"rendered":"\n<section class=\"section section--impact page-impact  alignfull\"  >\n  <div class=\"impact-overlay\"><\/div>\n  <div class=\"parallax-bg\" style=\"background-image: url(https:\/\/ccli.ubc.ca\/wp-content\/uploads\/2021\/04\/Stock-photo_83-1920x1281.jpg); background-size: cover; background-position: center center;\"><\/div>\n    <div class=\"grid-container fade-up-and-in\">\n    <div class=\"grid-x\">\n      <div class=\"cell text-center\">\n                  <h1>Notre mission<\/h1>\n                          <p>Nous \u00e9quipons les d\u00e9cideurs canadiens des connaissances n\u00e9cessaires pour parvenir \u00e0 une \u00e9conomie nette z\u00e9ro gr\u00e2ce \u00e0 la gouvernance climatique efficace.<\/p>\n              <\/div>\n    <\/div>\n  <\/div>\n<\/section>\n\n\n\n<h3 class=\"wp-block-heading\" id=\"a-propos-de-nous\">\u00c0 propos de nous<\/h3>\n\n\n\n<p>L\u2019Initiative canadienne de droit climatique (CCLI) fournit aux entreprises et organismes de r\u00e9glementation des conseils en mati\u00e8re de gouvernance climatique afin de leur permettre de prendre des d\u00e9cisions \u00e9clair\u00e9es en vue d\u2019une \u00e9conomie nette z\u00e9ro. Aliment\u00e9s par l\u2019expertise la plus pointue du pays, nous engageons le dialogue avec des conseils d\u2019administration et de fiduciaires pour nous assurer qu&rsquo;ils comprennent bien leurs devoirs l\u00e9gaux en mati\u00e8re de changement climatique. Notre recherche juridique nous permet de garder une longueur d\u2019avance dans un paysage r\u00e9glementaire qui \u00e9volue rapidement.<\/p>\n\n\n\n<p>CCLI est soutenu financi\u00e8rement par des fondations familiales et men\u00e9 par ses principales co-investigatrices qui incluent des professeures \u00e0 Peter A. Allard School of Law de l\u2019University of British Columbia et Osgoode Hall Law School de York University.<\/p>\n\n\n\n<div style=\"height:25px\" aria-hidden=\"true\" class=\"wp-block-spacer\"><\/div>\n\n\n\n<h3 class=\"wp-block-heading\" id=\"notre-histoire\">Vision<\/h3>\n\n\n\n<p>Des pratiques de gouvernance et des lois qui priorisent la responsabilit\u00e9 environnementale, financi\u00e8re et juridique dans un Canada prosp\u00e8re et r\u00e9silient.<\/p>\n\n\n\n<div class=\"wp-block-buttons is-layout-flex wp-block-buttons-is-layout-flex\">\n<div class=\"wp-block-button\"><a class=\"wp-block-button__link wp-element-button\" href=\"https:\/\/ccli.ubc.ca\/fr\/qui-nous-sommes\/notre-communaute\/\">Notre commaunaut\u00e9<\/a><\/div>\n<\/div>\n","protected":false},"excerpt":{"rendered":"<p>\u00c0 propos de nous L\u2019Initiative canadienne de droit climatique (CCLI) fournit aux entreprises et organismes de r\u00e9glementation des conseils en mati\u00e8re de gouvernance climatique afin de leur permettre de prendre des d\u00e9cisions \u00e9clair\u00e9es en vue d\u2019une \u00e9conomie nette z\u00e9ro. Aliment\u00e9s par l\u2019expertise la plus pointue du pays, nous engageons le dialogue avec des conseils d\u2019administration [&hellip;]<\/p>\n","protected":false},"author":6,"featured_media":10346,"parent":0,"menu_order":24,"comment_status":"closed","ping_status":"closed","template":"","meta":{"_acf_changed":false,"footnotes":""},"class_list":["post-260","page","type-page","status-publish","has-post-thumbnail","hentry"],"acf":[],"yoast_head":"<!-- This site is optimized with the Yoast SEO plugin v27.6 - https:\/\/yoast.com\/product\/yoast-seo-wordpress\/ -->\n<title>\u00c0 propos de nous - Canada Climate Law Initiative<\/title>\n<meta name=\"description\" content=\"Nous \u00e9quipons les d\u00e9cideurs canadiens des connaissances n\u00e9cessaires pour parvenir \u00e0 une \u00e9conomie nette z\u00e9ro gr\u00e2ce \u00e0 la gouvernance climatique efficace. Notre vision est celle de pratiques de gouvernance et de lois qui priorisent la responsabilit\u00e9 environnementale, financi\u00e8re et juridique dans un Canada prosp\u00e8re et r\u00e9silient.\" \/>\n<meta name=\"robots\" content=\"index, follow, max-snippet:-1, max-image-preview:large, max-video-preview:-1\" \/>\n<link rel=\"canonical\" href=\"https:\/\/ccli.ubc.ca\/fr\/a-propos-de-nous\/\" \/>\n<meta property=\"og:locale\" content=\"fr_FR\" \/>\n<meta property=\"og:type\" content=\"article\" \/>\n<meta property=\"og:title\" content=\"\u00c0 propos de nous - Canada Climate Law Initiative\" \/>\n<meta property=\"og:description\" content=\"Notre mission est de permettre aux administrateurs, dirigeants, d\u00e9cideurs politiques et organismes de r\u00e9glementation canadiens de mener le Canada en toute confiance et rapidement vers la carboneutralit\u00e9. Nous faisons cela en g\u00e9n\u00e9rant et mobilisant de la recherche juridique, des connaissances et ressources solides sur la gouvernance climatique.\" \/>\n<meta property=\"og:url\" content=\"https:\/\/ccli.ubc.ca\/fr\/a-propos-de-nous\/\" \/>\n<meta property=\"og:site_name\" content=\"Canada Climate Law Initiative\" \/>\n<meta property=\"article:modified_time\" content=\"2025-08-07T18:02:44+00:00\" \/>\n<meta property=\"og:image\" content=\"https:\/\/ccli.ubc.ca\/wp-content\/uploads\/2022\/09\/CCLI_websitelinkimage_2022_2-scaled.jpg\" \/>\n\t<meta property=\"og:image:width\" content=\"2560\" \/>\n\t<meta property=\"og:image:height\" content=\"1440\" \/>\n\t<meta property=\"og:image:type\" content=\"image\/jpeg\" \/>\n<meta name=\"twitter:card\" content=\"summary_large_image\" \/>\n<meta name=\"twitter:title\" content=\"\u00c0 propos de nous - Canada Climate Law Initiative\" \/>\n<meta name=\"twitter:description\" content=\"Notre mission est de permettre aux administrateurs, dirigeants, d\u00e9cideurs politiques et organismes de r\u00e9glementation canadiens de mener le Canada en toute confiance et rapidement vers la carboneutralit\u00e9. Nous faisons cela en g\u00e9n\u00e9rant et mobilisant de la recherche juridique, des connaissances et ressources solides sur la gouvernance climatique.\" \/>\n<meta name=\"twitter:image\" content=\"https:\/\/ccli.ubc.ca\/wp-content\/uploads\/2022\/09\/CCLI_websitelinkimage_2022_2-scaled.jpg\" \/>\n<meta name=\"twitter:label1\" content=\"Dur\u00e9e de lecture estim\u00e9e\" \/>\n\t<meta name=\"twitter:data1\" content=\"1 minute\" \/>\n<script type=\"application\/ld+json\" class=\"yoast-schema-graph\">{\"@context\":\"https:\\\/\\\/schema.org\",\"@graph\":[{\"@type\":\"WebPage\",\"@id\":\"https:\\\/\\\/ccli.ubc.ca\\\/fr\\\/a-propos-de-nous\\\/\",\"url\":\"https:\\\/\\\/ccli.ubc.ca\\\/fr\\\/a-propos-de-nous\\\/\",\"name\":\"\u00c0 propos de nous - Canada Climate Law Initiative\",\"isPartOf\":{\"@id\":\"https:\\\/\\\/ccli.ubc.ca\\\/#website\"},\"primaryImageOfPage\":{\"@id\":\"https:\\\/\\\/ccli.ubc.ca\\\/fr\\\/a-propos-de-nous\\\/#primaryimage\"},\"image\":{\"@id\":\"https:\\\/\\\/ccli.ubc.ca\\\/fr\\\/a-propos-de-nous\\\/#primaryimage\"},\"thumbnailUrl\":\"https:\\\/\\\/ccli.ubc.ca\\\/wp-content\\\/uploads\\\/2022\\\/09\\\/CCLI_websitelinkimage_2022_2-scaled.jpg\",\"datePublished\":\"2021-04-06T19:55:21+00:00\",\"dateModified\":\"2025-08-07T18:02:44+00:00\",\"description\":\"Nous \u00e9quipons les d\u00e9cideurs canadiens des connaissances n\u00e9cessaires pour parvenir \u00e0 une \u00e9conomie nette z\u00e9ro gr\u00e2ce \u00e0 la gouvernance climatique efficace. Notre vision est celle de pratiques de gouvernance et de lois qui priorisent la responsabilit\u00e9 environnementale, financi\u00e8re et juridique dans un Canada prosp\u00e8re et r\u00e9silient.\",\"breadcrumb\":{\"@id\":\"https:\\\/\\\/ccli.ubc.ca\\\/fr\\\/a-propos-de-nous\\\/#breadcrumb\"},\"inLanguage\":\"fr-FR\",\"potentialAction\":[{\"@type\":\"ReadAction\",\"target\":[\"https:\\\/\\\/ccli.ubc.ca\\\/fr\\\/a-propos-de-nous\\\/\"]}]},{\"@type\":\"ImageObject\",\"inLanguage\":\"fr-FR\",\"@id\":\"https:\\\/\\\/ccli.ubc.ca\\\/fr\\\/a-propos-de-nous\\\/#primaryimage\",\"url\":\"https:\\\/\\\/ccli.ubc.ca\\\/wp-content\\\/uploads\\\/2022\\\/09\\\/CCLI_websitelinkimage_2022_2-scaled.jpg\",\"contentUrl\":\"https:\\\/\\\/ccli.ubc.ca\\\/wp-content\\\/uploads\\\/2022\\\/09\\\/CCLI_websitelinkimage_2022_2-scaled.jpg\",\"width\":2560,\"height\":1440},{\"@type\":\"BreadcrumbList\",\"@id\":\"https:\\\/\\\/ccli.ubc.ca\\\/fr\\\/a-propos-de-nous\\\/#breadcrumb\",\"itemListElement\":[{\"@type\":\"ListItem\",\"position\":1,\"name\":\"Home\",\"item\":\"https:\\\/\\\/ccli.ubc.ca\\\/fr\\\/\"},{\"@type\":\"ListItem\",\"position\":2,\"name\":\"\u00c0 propos de nous\"}]},{\"@type\":\"WebSite\",\"@id\":\"https:\\\/\\\/ccli.ubc.ca\\\/#website\",\"url\":\"https:\\\/\\\/ccli.ubc.ca\\\/\",\"name\":\"Canada Climate Law Initiative\",\"description\":\"Understand climate-related risks and opportunities\",\"potentialAction\":[{\"@type\":\"SearchAction\",\"target\":{\"@type\":\"EntryPoint\",\"urlTemplate\":\"https:\\\/\\\/ccli.ubc.ca\\\/?s={search_term_string}\"},\"query-input\":{\"@type\":\"PropertyValueSpecification\",\"valueRequired\":true,\"valueName\":\"search_term_string\"}}],\"inLanguage\":\"fr-FR\"}]}<\/script>\n<!-- \/ Yoast SEO plugin. -->","yoast_head_json":{"title":"\u00c0 propos de nous - Canada Climate Law Initiative","description":"Nous \u00e9quipons les d\u00e9cideurs canadiens des connaissances n\u00e9cessaires pour parvenir \u00e0 une \u00e9conomie nette z\u00e9ro gr\u00e2ce \u00e0 la gouvernance climatique efficace. Notre vision est celle de pratiques de gouvernance et de lois qui priorisent la responsabilit\u00e9 environnementale, financi\u00e8re et juridique dans un Canada prosp\u00e8re et r\u00e9silient.","robots":{"index":"index","follow":"follow","max-snippet":"max-snippet:-1","max-image-preview":"max-image-preview:large","max-video-preview":"max-video-preview:-1"},"canonical":"https:\/\/ccli.ubc.ca\/fr\/a-propos-de-nous\/","og_locale":"fr_FR","og_type":"article","og_title":"\u00c0 propos de nous - Canada Climate Law Initiative","og_description":"Notre mission est de permettre aux administrateurs, dirigeants, d\u00e9cideurs politiques et organismes de r\u00e9glementation canadiens de mener le Canada en toute confiance et rapidement vers la carboneutralit\u00e9. Nous faisons cela en g\u00e9n\u00e9rant et mobilisant de la recherche juridique, des connaissances et ressources solides sur la gouvernance climatique.","og_url":"https:\/\/ccli.ubc.ca\/fr\/a-propos-de-nous\/","og_site_name":"Canada Climate Law Initiative","article_modified_time":"2025-08-07T18:02:44+00:00","og_image":[{"width":2560,"height":1440,"url":"https:\/\/ccli.ubc.ca\/wp-content\/uploads\/2022\/09\/CCLI_websitelinkimage_2022_2-scaled.jpg","type":"image\/jpeg"}],"twitter_card":"summary_large_image","twitter_title":"\u00c0 propos de nous - Canada Climate Law Initiative","twitter_description":"Notre mission est de permettre aux administrateurs, dirigeants, d\u00e9cideurs politiques et organismes de r\u00e9glementation canadiens de mener le Canada en toute confiance et rapidement vers la carboneutralit\u00e9. Nous faisons cela en g\u00e9n\u00e9rant et mobilisant de la recherche juridique, des connaissances et ressources solides sur la gouvernance climatique.","twitter_image":"https:\/\/ccli.ubc.ca\/wp-content\/uploads\/2022\/09\/CCLI_websitelinkimage_2022_2-scaled.jpg","twitter_misc":{"Dur\u00e9e de lecture estim\u00e9e":"1 minute"},"schema":{"@context":"https:\/\/schema.org","@graph":[{"@type":"WebPage","@id":"https:\/\/ccli.ubc.ca\/fr\/a-propos-de-nous\/","url":"https:\/\/ccli.ubc.ca\/fr\/a-propos-de-nous\/","name":"\u00c0 propos de nous - Canada Climate Law Initiative","isPartOf":{"@id":"https:\/\/ccli.ubc.ca\/#website"},"primaryImageOfPage":{"@id":"https:\/\/ccli.ubc.ca\/fr\/a-propos-de-nous\/#primaryimage"},"image":{"@id":"https:\/\/ccli.ubc.ca\/fr\/a-propos-de-nous\/#primaryimage"},"thumbnailUrl":"https:\/\/ccli.ubc.ca\/wp-content\/uploads\/2022\/09\/CCLI_websitelinkimage_2022_2-scaled.jpg","datePublished":"2021-04-06T19:55:21+00:00","dateModified":"2025-08-07T18:02:44+00:00","description":"Nous \u00e9quipons les d\u00e9cideurs canadiens des connaissances n\u00e9cessaires pour parvenir \u00e0 une \u00e9conomie nette z\u00e9ro gr\u00e2ce \u00e0 la gouvernance climatique efficace. Notre vision est celle de pratiques de gouvernance et de lois qui priorisent la responsabilit\u00e9 environnementale, financi\u00e8re et juridique dans un Canada prosp\u00e8re et r\u00e9silient.","breadcrumb":{"@id":"https:\/\/ccli.ubc.ca\/fr\/a-propos-de-nous\/#breadcrumb"},"inLanguage":"fr-FR","potentialAction":[{"@type":"ReadAction","target":["https:\/\/ccli.ubc.ca\/fr\/a-propos-de-nous\/"]}]},{"@type":"ImageObject","inLanguage":"fr-FR","@id":"https:\/\/ccli.ubc.ca\/fr\/a-propos-de-nous\/#primaryimage","url":"https:\/\/ccli.ubc.ca\/wp-content\/uploads\/2022\/09\/CCLI_websitelinkimage_2022_2-scaled.jpg","contentUrl":"https:\/\/ccli.ubc.ca\/wp-content\/uploads\/2022\/09\/CCLI_websitelinkimage_2022_2-scaled.jpg","width":2560,"height":1440},{"@type":"BreadcrumbList","@id":"https:\/\/ccli.ubc.ca\/fr\/a-propos-de-nous\/#breadcrumb","itemListElement":[{"@type":"ListItem","position":1,"name":"Home","item":"https:\/\/ccli.ubc.ca\/fr\/"},{"@type":"ListItem","position":2,"name":"\u00c0 propos de nous"}]},{"@type":"WebSite","@id":"https:\/\/ccli.ubc.ca\/#website","url":"https:\/\/ccli.ubc.ca\/","name":"Canada Climate Law Initiative","description":"Understand climate-related risks and opportunities","potentialAction":[{"@type":"SearchAction","target":{"@type":"EntryPoint","urlTemplate":"https:\/\/ccli.ubc.ca\/?s={search_term_string}"},"query-input":{"@type":"PropertyValueSpecification","valueRequired":true,"valueName":"search_term_string"}}],"inLanguage":"fr-FR"}]}},"_links":{"self":[{"href":"https:\/\/ccli.ubc.ca\/fr\/wp-json\/wp\/v2\/pages\/260","targetHints":{"allow":["GET"]}}],"collection":[{"href":"https:\/\/ccli.ubc.ca\/fr\/wp-json\/wp\/v2\/pages"}],"about":[{"href":"https:\/\/ccli.ubc.ca\/fr\/wp-json\/wp\/v2\/types\/page"}],"author":[{"embeddable":true,"href":"https:\/\/ccli.ubc.ca\/fr\/wp-json\/wp\/v2\/users\/6"}],"replies":[{"embeddable":true,"href":"https:\/\/ccli.ubc.ca\/fr\/wp-json\/wp\/v2\/comments?post=260"}],"version-history":[{"count":5,"href":"https:\/\/ccli.ubc.ca\/fr\/wp-json\/wp\/v2\/pages\/260\/revisions"}],"predecessor-version":[{"id":22509,"href":"https:\/\/ccli.ubc.ca\/fr\/wp-json\/wp\/v2\/pages\/260\/revisions\/22509"}],"wp:featuredmedia":[{"embeddable":true,"href":"https:\/\/ccli.ubc.ca\/fr\/wp-json\/wp\/v2\/media\/10346"}],"wp:attachment":[{"href":"https:\/\/ccli.ubc.ca\/fr\/wp-json\/wp\/v2\/media?parent=260"}],"curies":[{"name":"wp","href":"https:\/\/api.w.org\/{rel}","templated":true}]}}