{"id":262,"date":"2021-04-04T22:57:03","date_gmt":"2021-04-04T22:57:03","guid":{"rendered":"http:\/\/ccli.machinedev.ca\/homepage\/"},"modified":"2025-08-19T18:48:37","modified_gmt":"2025-08-19T22:48:37","slug":"homepage","status":"publish","type":"page","link":"https:\/\/ccli.ubc.ca\/fr\/","title":{"rendered":"Homepage"},"content":{"rendered":"\n<section class=\"section section--slider alignfull\" >\n              <div class=\"swipe-slider\">\n                    <div class=\"swipe-slide\" style=\"background-image: url(https:\/\/ccli.ubc.ca\/wp-content\/uploads\/2024\/11\/fereshteh-azadi-Fkc2KrT_5cA-unsplash-1920x1080.jpg); background-position: center center; background-size: cover; background-repeat: no-repeat;\">\n              <div class=\"grid-container\">\n                <div class=\"grid-x grid-padding-x align-center\">\n                  <div class=\"cell text-center\">\n                                                              <h2>Nous vous rencontrons o\u00f9 que vous soyez<\/h2>\n                                                              <p>Nous aidons les entreprises canadiennes \u00e0 r\u00e9pondre \u00e0 la demande croissante de gestion des risques financiers li\u00e9s au climat<\/p>\n                                                            \t<a class=\"button\" href=\"https:\/\/ccli.ubc.ca\/fr\/ce-que-nous-faisons\/presentations-conseils-administration\/\" target=\"_self\">Discutons-en<\/a>\n                                      <\/div>\n                <\/div>\n              <\/div>\n            <\/div>\n                      <div class=\"swipe-slide\" style=\"background-image: url(https:\/\/ccli.ubc.ca\/wp-content\/uploads\/2025\/03\/anastasiya-86hU2XMOAqk-unsplash-1920x1280.jpg); background-position: center center; background-size: cover; background-repeat: no-repeat;\">\n              <div class=\"grid-container\">\n                <div class=\"grid-x grid-padding-x align-center\">\n                  <div class=\"cell text-center\">\n                                                              <h2>Le Canada a sa propre semaine du climat!<\/h2>\n                                                              <p>Acc\u00e9l\u00e9rer les solutions climatiques canadiennes<\/p>\n                                                            \t<a class=\"button\" href=\"https:\/\/ccli.ubc.ca\/fr\/event\/scec\/\" target=\"_self\">D\u00e9couvrirez-vous<\/a>\n                                      <\/div>\n                <\/div>\n              <\/div>\n            <\/div>\n                      <div class=\"swipe-slide\" style=\"background-image: url(https:\/\/ccli.ubc.ca\/wp-content\/uploads\/2025\/08\/ryan-stone-32boq8J9V2Q-unsplash-1920x1280.jpg); background-position: center center; background-size: cover; background-repeat: no-repeat;\">\n              <div class=\"grid-container\">\n                <div class=\"grid-x grid-padding-x align-center\">\n                  <div class=\"cell text-center\">\n                                                              <h2>Votre source d\u2019information sur la gouvernance climatique<\/h2>\n                                                              <p>Des avocats du monde entier d\u00e9clarent que les risques li\u00e9s \u00e0 la nature rel\u00e8vent des responsabilit\u00e9s des administrateurs<\/p>\n                                                            \t<a class=\"button\" href=\"https:\/\/ccli.ubc.ca\/fr\/nouvelles\/\" target=\"_blank\">Nouvelles<\/a>\n                                      <\/div>\n                <\/div>\n              <\/div>\n            <\/div>\n                    <\/div>\n          <\/section>\n\n\n\n<section class=\"section section--text-with-image bg-light alignfull\" >\n  <div class=\"grid-container\">\n    <div class=\"grid-x grid-padding-x align-middle\">\n      <div class=\"cell medium-6 \">\n        <div class=\"image-wrapper\">\n          <div class=\"image-wrapper-before\"><\/div>\n          <img decoding=\"async\" src=\"https:\/\/ccli.ubc.ca\/wp-content\/uploads\/2023\/10\/olga-subach-m7H8fcG5kuU-unsplash-scaled.jpg\">\n        <\/div>\n      <\/div>\n      <div class=\"cell medium-6 \">\n        <div class=\"text-wrapper\">\n                      <h2 class=\"large-italic\">Nous sommes l&rsquo;Initiative canadienne de droit climatique<\/h2>\n                                <h3>Nous entamons des conversations pour encourager les administrateurs et fiduciaires \u00e0 poser des actions qui acc\u00e9l\u00e8rent la transition vers une \u00e9conomie carboneutre.<\/h3>\n                              \t<a class=\"button italic-arrow\" href=\"http:\/\/ccli.ubc.ca\/fr\/qui-nous-sommes\/\" target=\"_self\">Notre histoire<\/a>\n                  <\/div>\n      <\/div>\n    <\/div>\n  <\/div>\n<\/section>\n\n\n\n<section class=\"section section--callouts alignfull bg-light\" >\n  <div class=\"grid-container\">\n            <div class=\"grid-x align-center\">\n                      <div class=\"cell medium-4 text-center\">\n                                  <div class=\"callout-image\" style=\"background-image: url(https:\/\/ccli.ubc.ca\/wp-content\/uploads\/2023\/10\/joy-real-HJVFrlkE_oU-unsplash-1024x678.jpg); background-size: cover; background-position: center center;\"><\/div>\n                                                \t<a class=\"button callout-button\" href=\"https:\/\/ccli.ubc.ca\/fr\/ce-que-nous-faisons\/micro-certificat-en-ligne\/\" target=\"_self\">Gagnez de nouvelles comp\u00e9tences<\/a>\n                              <\/div>\n                            <div class=\"cell medium-4 text-center\">\n                                  <div class=\"callout-image\" style=\"background-image: url(https:\/\/ccli.ubc.ca\/wp-content\/uploads\/2023\/10\/pursuit-retro-MJqEJFQ-RHg-unsplash-819x1024.jpg); background-size: cover; background-position: center center;\"><\/div>\n                                                \t<a class=\"button callout-button\" href=\"https:\/\/ccli.ubc.ca\/fr\/nos-evenements\/\" target=\"_self\">Inscrivez-vous \u00e0 un webinaire<\/a>\n                              <\/div>\n                            <div class=\"cell medium-4 text-center\">\n                                  <div class=\"callout-image\" style=\"background-image: url(https:\/\/ccli.ubc.ca\/wp-content\/uploads\/2023\/10\/andy-holmes-TxkisEuUs7w-unsplash-1024x683.jpg); background-size: cover; background-position: center center;\"><\/div>\n                                                \t<a class=\"button callout-button\" href=\"http:\/\/ccli.ubc.ca\/fr\/nos-experts\" target=\"_self\">Rencontrez nos experts<\/a>\n                              <\/div>\n                        <\/div>\n            <\/div>\n<\/section>\n\n\n\n<section class=\"section section--latest-updates alignfull\" >\n      <div class=\"grid-container\">\n        <div class=\"grid-x grid-padding-x\">\n          <div class=\"cell medium-6\">\n                          <h3>Derni\u00e8res actualit\u00e9s<\/h3>\n                                      \t\t<div class=\"news-block\">\n              \t\t  <h5>7 mai, 2026<\/h5>\n              \t\t  <h4>Points importants \u00e0 retenir du colloque de l\u2019Association for Corporate Growth \u00e0 Edmonton<\/h4>\n                \t\t<a href=\"https:\/\/ccli.ubc.ca\/fr\/points-importants-a-retenir-du-colloque-de-lassociation-for-corporate-growth-a-edmonton\/\"  class=\"button italic-arrow\">Lire la suite<\/a>\n              \t\t<\/div>\n              \t              \t\t<div class=\"news-block\">\n              \t\t  <h5>16 avril, 2026<\/h5>\n              \t\t  <h4>T\u00eates dans le sable : Les investisseurs et l&rsquo;effet autruche dans l&rsquo;investissement climatique<\/h4>\n                \t\t<a href=\"https:\/\/ccli.ubc.ca\/fr\/les-investisseurs-et-leffet-autruche-dans-linvestissement-climatique\/\"  class=\"button italic-arrow\">Lire la suite<\/a>\n              \t\t<\/div>\n              \t              \t\t<div class=\"news-block\">\n              \t\t  <h5>14 avril, 2026<\/h5>\n              \t\t  <h4>Des directives comptables accompagn\u00e9es d\u2019exemples concrets pour faciliter la divulgation des informations financi\u00e8res li\u00e9es au climat<\/h4>\n                \t\t<a href=\"https:\/\/ccli.ubc.ca\/fr\/des-directives-comptables-accompagnees-dexemples-concrets-pour-faciliter-la-divulgation-des-informations-financieres-liees-au-climat\/\"  class=\"button italic-arrow\">Lire la suite<\/a>\n              \t\t<\/div>\n              \t                <div class=\"button-group\">\n                  <a href=\"\/events\/\" class=\"button\">Voir tous les \u00e9v\u00e9nements<\/a>\n                  <a href=\"\/news\/\" class=\"button\">Voir toutes les actualit\u00e9s<\/a>\n                <\/div>\n          <\/div>\n          <div class=\"cell medium-6\">\n                          <h3>Nouveaut\u00e9s<\/h3>\n                                      \t\t<div class=\"news-block\">\n              \t\t  <h5>6 mai, 2026<\/h5>\n              \t\t  <h4>Les arguments en faveur de divulgations financi\u00e8res li\u00e9es \u00e0 la nature au Canada<\/h4>\n                \t\t<a href=\"https:\/\/ccli.ubc.ca\/fr\/resource\/les-arguments-en-faveur-de-divulgations-financieres-liees-a-la-nature-au-canada\/\"  class=\"button italic-arrow\">Lire la suite<\/a>\n              \t\t<\/div>\n              \t              \t\t<div class=\"news-block\">\n              \t\t  <h5>28 avril, 2026<\/h5>\n              \t\t  <h4>Building Canada\u2019s Taxonomy the Right Way: Insights from a Survey of Investors<\/h4>\n                \t\t<a href=\"https:\/\/ccli.ubc.ca\/fr\/resource\/building-canadas-taxonomy-the-right-way-insights-from-a-survey-of-investors\/\"  class=\"button italic-arrow\">Lire la suite<\/a>\n              \t\t<\/div>\n              \t              \t\t<div class=\"news-block\">\n              \t\t  <h5>28 avril, 2026<\/h5>\n              \t\t  <h4>Corporate defences in climate litigation: a comparative analysis of arguments and court responses<\/h4>\n                \t\t<a href=\"https:\/\/ccli.ubc.ca\/fr\/resource\/corporate-defences-in-climate-litigation-a-comparative-analysis-of-arguments-and-court-responses\/\"  class=\"button italic-arrow\">Lire la suite<\/a>\n              \t\t<\/div>\n              \t                 <div class=\"button-group\">\n                  <a href=\"\/knowledge-hub\/\" class=\"button\">D\u00e9couvrez le p\u00f4le des connaissances<\/a>\n                <\/div>\n          <\/div>\n        <\/div>\n        \n      <\/div>\n<\/section>\n","protected":false},"excerpt":{"rendered":"","protected":false},"author":6,"featured_media":10344,"parent":0,"menu_order":29,"comment_status":"closed","ping_status":"closed","template":"","meta":{"_acf_changed":false,"footnotes":""},"class_list":["post-262","page","type-page","status-publish","has-post-thumbnail","hentry"],"acf":[],"yoast_head":"<!-- This site is optimized with the Yoast SEO plugin v27.6 - https:\/\/yoast.com\/product\/yoast-seo-wordpress\/ -->\n<title>Canada Climate Law Initiative<\/title>\n<meta name=\"description\" content=\"Nous entamons des conversations pour encourager des actions de gouvernance par les administrateurs et autres fiduciaires dans la transition vers une \u00e9conomie carboneutre.\" \/>\n<meta name=\"robots\" content=\"index, follow, max-snippet:-1, max-image-preview:large, max-video-preview:-1\" \/>\n<link rel=\"canonical\" href=\"https:\/\/ccli.ubc.ca\/fr\/\" \/>\n<meta property=\"og:locale\" content=\"fr_FR\" \/>\n<meta property=\"og:type\" content=\"article\" \/>\n<meta property=\"og:title\" content=\"Canada Climate Law Initiative - Understand climate-related risks and opportunities\" \/>\n<meta property=\"og:description\" content=\"Nous entamons des conversations pour encourager des actions de gouvernance par les administrateurs et autres fiduciaires dans la transition vers une \u00e9conomie carboneutre.\" \/>\n<meta property=\"og:url\" content=\"https:\/\/ccli.ubc.ca\/fr\/\" \/>\n<meta property=\"og:site_name\" content=\"Canada Climate Law Initiative\" \/>\n<meta property=\"article:modified_time\" content=\"2025-08-19T22:48:37+00:00\" \/>\n<meta property=\"og:image\" content=\"https:\/\/ccli.ubc.ca\/wp-content\/uploads\/2022\/09\/CCLI_websitelinkimage_2022_2-scaled.jpg\" \/>\n\t<meta property=\"og:image:width\" content=\"2560\" \/>\n\t<meta property=\"og:image:height\" content=\"1440\" \/>\n\t<meta property=\"og:image:type\" content=\"image\/jpeg\" \/>\n<meta name=\"twitter:card\" content=\"summary_large_image\" \/>\n<meta name=\"twitter:image\" content=\"https:\/\/ccli.ubc.ca\/wp-content\/uploads\/2022\/09\/CCLI_websitelinkimage_2022_2-scaled.jpg\" \/>\n<meta name=\"twitter:label1\" content=\"Dur\u00e9e de lecture estim\u00e9e\" \/>\n\t<meta name=\"twitter:data1\" content=\"1 minute\" \/>\n<script type=\"application\/ld+json\" class=\"yoast-schema-graph\">{\"@context\":\"https:\\\/\\\/schema.org\",\"@graph\":[{\"@type\":\"WebPage\",\"@id\":\"https:\\\/\\\/ccli.ubc.ca\\\/fr\\\/\",\"url\":\"https:\\\/\\\/ccli.ubc.ca\\\/fr\\\/\",\"name\":\"Canada Climate Law Initiative\",\"isPartOf\":{\"@id\":\"https:\\\/\\\/ccli.ubc.ca\\\/#website\"},\"primaryImageOfPage\":{\"@id\":\"https:\\\/\\\/ccli.ubc.ca\\\/fr\\\/#primaryimage\"},\"image\":{\"@id\":\"https:\\\/\\\/ccli.ubc.ca\\\/fr\\\/#primaryimage\"},\"thumbnailUrl\":\"https:\\\/\\\/ccli.ubc.ca\\\/wp-content\\\/uploads\\\/2022\\\/09\\\/CCLI_websitelinkimage_2022_3-scaled.jpg\",\"datePublished\":\"2021-04-04T22:57:03+00:00\",\"dateModified\":\"2025-08-19T22:48:37+00:00\",\"description\":\"Nous entamons des conversations pour encourager des actions de gouvernance par les administrateurs et autres fiduciaires dans la transition vers une \u00e9conomie carboneutre.\",\"breadcrumb\":{\"@id\":\"https:\\\/\\\/ccli.ubc.ca\\\/fr\\\/#breadcrumb\"},\"inLanguage\":\"fr-FR\",\"potentialAction\":[{\"@type\":\"ReadAction\",\"target\":[\"https:\\\/\\\/ccli.ubc.ca\\\/fr\\\/\"]}]},{\"@type\":\"ImageObject\",\"inLanguage\":\"fr-FR\",\"@id\":\"https:\\\/\\\/ccli.ubc.ca\\\/fr\\\/#primaryimage\",\"url\":\"https:\\\/\\\/ccli.ubc.ca\\\/wp-content\\\/uploads\\\/2022\\\/09\\\/CCLI_websitelinkimage_2022_3-scaled.jpg\",\"contentUrl\":\"https:\\\/\\\/ccli.ubc.ca\\\/wp-content\\\/uploads\\\/2022\\\/09\\\/CCLI_websitelinkimage_2022_3-scaled.jpg\",\"width\":2560,\"height\":1440},{\"@type\":\"BreadcrumbList\",\"@id\":\"https:\\\/\\\/ccli.ubc.ca\\\/fr\\\/#breadcrumb\",\"itemListElement\":[{\"@type\":\"ListItem\",\"position\":1,\"name\":\"Home\",\"item\":\"https:\\\/\\\/ccli.ubc.ca\\\/fr\\\/\"},{\"@type\":\"ListItem\",\"position\":2,\"name\":\"Homepage\"}]},{\"@type\":\"WebSite\",\"@id\":\"https:\\\/\\\/ccli.ubc.ca\\\/#website\",\"url\":\"https:\\\/\\\/ccli.ubc.ca\\\/\",\"name\":\"Canada Climate Law Initiative\",\"description\":\"Understand climate-related risks and opportunities\",\"potentialAction\":[{\"@type\":\"SearchAction\",\"target\":{\"@type\":\"EntryPoint\",\"urlTemplate\":\"https:\\\/\\\/ccli.ubc.ca\\\/?s={search_term_string}\"},\"query-input\":{\"@type\":\"PropertyValueSpecification\",\"valueRequired\":true,\"valueName\":\"search_term_string\"}}],\"inLanguage\":\"fr-FR\"}]}<\/script>\n<!-- \/ Yoast SEO plugin. -->","yoast_head_json":{"title":"Canada Climate Law Initiative","description":"Nous entamons des conversations pour encourager des actions de gouvernance par les administrateurs et autres fiduciaires dans la transition vers une \u00e9conomie carboneutre.","robots":{"index":"index","follow":"follow","max-snippet":"max-snippet:-1","max-image-preview":"max-image-preview:large","max-video-preview":"max-video-preview:-1"},"canonical":"https:\/\/ccli.ubc.ca\/fr\/","og_locale":"fr_FR","og_type":"article","og_title":"Canada Climate Law Initiative - Understand climate-related risks and opportunities","og_description":"Nous entamons des conversations pour encourager des actions de gouvernance par les administrateurs et autres fiduciaires dans la transition vers une \u00e9conomie carboneutre.","og_url":"https:\/\/ccli.ubc.ca\/fr\/","og_site_name":"Canada Climate Law Initiative","article_modified_time":"2025-08-19T22:48:37+00:00","og_image":[{"width":2560,"height":1440,"url":"https:\/\/ccli.ubc.ca\/wp-content\/uploads\/2022\/09\/CCLI_websitelinkimage_2022_2-scaled.jpg","type":"image\/jpeg"}],"twitter_card":"summary_large_image","twitter_image":"https:\/\/ccli.ubc.ca\/wp-content\/uploads\/2022\/09\/CCLI_websitelinkimage_2022_2-scaled.jpg","twitter_misc":{"Dur\u00e9e de lecture estim\u00e9e":"1 minute"},"schema":{"@context":"https:\/\/schema.org","@graph":[{"@type":"WebPage","@id":"https:\/\/ccli.ubc.ca\/fr\/","url":"https:\/\/ccli.ubc.ca\/fr\/","name":"Canada Climate Law Initiative","isPartOf":{"@id":"https:\/\/ccli.ubc.ca\/#website"},"primaryImageOfPage":{"@id":"https:\/\/ccli.ubc.ca\/fr\/#primaryimage"},"image":{"@id":"https:\/\/ccli.ubc.ca\/fr\/#primaryimage"},"thumbnailUrl":"https:\/\/ccli.ubc.ca\/wp-content\/uploads\/2022\/09\/CCLI_websitelinkimage_2022_3-scaled.jpg","datePublished":"2021-04-04T22:57:03+00:00","dateModified":"2025-08-19T22:48:37+00:00","description":"Nous entamons des conversations pour encourager des actions de gouvernance par les administrateurs et autres fiduciaires dans la transition vers une \u00e9conomie carboneutre.","breadcrumb":{"@id":"https:\/\/ccli.ubc.ca\/fr\/#breadcrumb"},"inLanguage":"fr-FR","potentialAction":[{"@type":"ReadAction","target":["https:\/\/ccli.ubc.ca\/fr\/"]}]},{"@type":"ImageObject","inLanguage":"fr-FR","@id":"https:\/\/ccli.ubc.ca\/fr\/#primaryimage","url":"https:\/\/ccli.ubc.ca\/wp-content\/uploads\/2022\/09\/CCLI_websitelinkimage_2022_3-scaled.jpg","contentUrl":"https:\/\/ccli.ubc.ca\/wp-content\/uploads\/2022\/09\/CCLI_websitelinkimage_2022_3-scaled.jpg","width":2560,"height":1440},{"@type":"BreadcrumbList","@id":"https:\/\/ccli.ubc.ca\/fr\/#breadcrumb","itemListElement":[{"@type":"ListItem","position":1,"name":"Home","item":"https:\/\/ccli.ubc.ca\/fr\/"},{"@type":"ListItem","position":2,"name":"Homepage"}]},{"@type":"WebSite","@id":"https:\/\/ccli.ubc.ca\/#website","url":"https:\/\/ccli.ubc.ca\/","name":"Canada Climate Law Initiative","description":"Understand climate-related risks and opportunities","potentialAction":[{"@type":"SearchAction","target":{"@type":"EntryPoint","urlTemplate":"https:\/\/ccli.ubc.ca\/?s={search_term_string}"},"query-input":{"@type":"PropertyValueSpecification","valueRequired":true,"valueName":"search_term_string"}}],"inLanguage":"fr-FR"}]}},"_links":{"self":[{"href":"https:\/\/ccli.ubc.ca\/fr\/wp-json\/wp\/v2\/pages\/262","targetHints":{"allow":["GET"]}}],"collection":[{"href":"https:\/\/ccli.ubc.ca\/fr\/wp-json\/wp\/v2\/pages"}],"about":[{"href":"https:\/\/ccli.ubc.ca\/fr\/wp-json\/wp\/v2\/types\/page"}],"author":[{"embeddable":true,"href":"https:\/\/ccli.ubc.ca\/fr\/wp-json\/wp\/v2\/users\/6"}],"replies":[{"embeddable":true,"href":"https:\/\/ccli.ubc.ca\/fr\/wp-json\/wp\/v2\/comments?post=262"}],"version-history":[{"count":5,"href":"https:\/\/ccli.ubc.ca\/fr\/wp-json\/wp\/v2\/pages\/262\/revisions"}],"predecessor-version":[{"id":22582,"href":"https:\/\/ccli.ubc.ca\/fr\/wp-json\/wp\/v2\/pages\/262\/revisions\/22582"}],"wp:featuredmedia":[{"embeddable":true,"href":"https:\/\/ccli.ubc.ca\/fr\/wp-json\/wp\/v2\/media\/10344"}],"wp:attachment":[{"href":"https:\/\/ccli.ubc.ca\/fr\/wp-json\/wp\/v2\/media?parent=262"}],"curies":[{"name":"wp","href":"https:\/\/api.w.org\/{rel}","templated":true}]}}