{"id":4255,"date":"2021-04-06T16:04:01","date_gmt":"2021-04-06T20:04:01","guid":{"rendered":"http:\/\/ccli.machinedev.ca\/notre-pole-des-connaissances\/resources-for-corporate-directors\/"},"modified":"2022-10-12T16:56:36","modified_gmt":"2022-10-12T20:56:36","slug":"ressources-administrateurs","status":"publish","type":"page","link":"https:\/\/ccli.ubc.ca\/fr\/notre-pole-des-connaissances\/ressources-administrateurs\/","title":{"rendered":"Ressources pour les administrateurs"},"content":{"rendered":"\n<section class=\"section section--impact page-impact  alignfull\"  >\n  <div class=\"impact-overlay\"><\/div>\n  <div class=\"parallax-bg\" style=\"background-image: url(https:\/\/ccli.ubc.ca\/wp-content\/uploads\/2022\/10\/hitoshi-suzuki-1COcTd3pRCg-unsplash-1920x1280.jpg); background-size: cover; background-position: center center;\"><\/div>\n    <div class=\"grid-container fade-up-and-in\">\n    <div class=\"grid-x\">\n      <div class=\"cell text-center\">\n                  <h1>Ressources pour les administrateurs<\/h1>\n                          <p>Comprendre les risques et opportunit\u00e9s li\u00e9s au climat et d\u00e9velopper des comp\u00e9tences climatiques pour rester comp\u00e9titif<\/p>\n              <\/div>\n    <\/div>\n  <\/div>\n<\/section>\n\n\n\n    \t                \n        \t    <section class=\"section section--resources resources-filtered\" >\n    \t        <div class=\"grid-container\">\n    \t            <div class=\"grid-x grid-padding-x\">\n                \t            \t\t\t\t\t\t  <div class=\"cell medium-6\">\n        \t\t\t\t\t\t\t  <div class=\"resource-block\">\n        \t\t\t\t\t\t\t  \t          \t\t\t\t\t\t\t\t  <small>14 mai 2025<\/small>\n        \t\t\t\t\t\t\t      <h4>Asking Better Questions on Nature: A Guide for Board Directors<\/h4>\n        \t\t\t\t\t\t\t\t  <p>La s\u00e9rie \u00ab\u00a0Se poser de meilleures questions sur la nature\u00a0\u00bb \u200b\u200best con\u00e7ue pour aider la haute direction des secteurs des affaires et de la finance \u00e0 d\u00e9gager des informations essentielles sur les d\u00e9pendances, les impacts, les risques et les opportunit\u00e9s li\u00e9s \u00e0 la nature afin d&rsquo;\u00e9clairer leurs prises de d\u00e9cision. Le premier guide publi\u00e9 est [&hellip;]<\/p>\n        \t\t\t\t\t\t\t\t          \t\t\t\t\t\t\t\t\t<a href=\"https:\/\/ccli.ubc.ca\/fr\/resource\/asking-better-questions-on-nature-a-guide-for-board-directors\/\"  class=\"button italic-arrow\"><img decoding=\"async\" src=\"https:\/\/ccli.ubc.ca\/wp-content\/uploads\/2021\/04\/icon-paper.svg\"> Lire la suite<\/a>\n        \t\t\t\t\t\t\t\t          \t\t\t\t\t\t\t  <\/div>\n        \t\t\t\t\t  \t  <\/div>\n        \t\t\t\t\t              \t\t\t\t\t\t  <div class=\"cell medium-6\">\n        \t\t\t\t\t\t\t  <div class=\"resource-block\">\n        \t\t\t\t\t\t\t  \t          \t\t\t\t\t\t\t\t  <small>22 octobre 2024<\/small>\n        \t\t\t\t\t\t\t      <h4>Board Pocket Guide: Nature and Climate Action<\/h4>\n        \t\t\t\t\t\t\t\t  <p>Ce guide de poche \u00e0 l&rsquo;intention des conseils d&rsquo;administration propose une s\u00e9lection de cadres, de m\u00e9thodologies et de normes internationales essentielles pour int\u00e9grer les consid\u00e9rations relatives \u00e0 la nature et au climat dans les activit\u00e9s des entreprises, ce qui permet aux conseils d&rsquo;administration de prendre des d\u00e9cisions \u00e9clair\u00e9es, de g\u00e9rer les risques et de saisir [&hellip;]<\/p>\n        \t\t\t\t\t\t\t\t          \t\t\t\t\t\t\t\t\t<a href=\"https:\/\/ccli.ubc.ca\/fr\/resource\/board-pocket-guide-nature-and-climate-action\/\"  class=\"button italic-arrow\"><img decoding=\"async\" src=\"https:\/\/ccli.ubc.ca\/wp-content\/uploads\/2021\/04\/icon-paper.svg\"> Lire la suite<\/a>\n        \t\t\t\t\t\t\t\t          \t\t\t\t\t\t\t  <\/div>\n        \t\t\t\t\t  \t  <\/div>\n        \t\t\t\t\t              \t\t\t\t\t\t  <div class=\"cell medium-6\">\n        \t\t\t\t\t\t\t  <div class=\"resource-block\">\n        \t\t\t\t\t\t\t  \t          \t\t\t\t\t\t\t\t  <small>30 septembre 2024<\/small>\n        \t\t\t\t\t\t\t      <h4>Voluntarily applying ISSB Standards: A guide for preparers<\/h4>\n        \t\t\t\t\t\t\t\t  <p>En appliquant volontairement les normes de l&rsquo;ISSB &#8211; en l&rsquo;absence d&rsquo;exigences r\u00e9glementaires &#8211; les entreprises peuvent fournir aux investisseurs des informations utiles \u00e0 la prise de d\u00e9cision et comparables \u00e0 l&rsquo;\u00e9chelle mondiale en mati\u00e8re de d\u00e9veloppement durable. Et, de plus en plus, les investisseurs \u00e0 travers le monde demandent aux entreprises de le faire. Si [&hellip;]<\/p>\n        \t\t\t\t\t\t\t\t          \t\t\t\t\t\t\t\t\t<a href=\"https:\/\/ccli.ubc.ca\/fr\/resource\/voluntarily-applying-issb-standards-a-guide-for-preparers\/\"  class=\"button italic-arrow\"><img decoding=\"async\" src=\"https:\/\/ccli.ubc.ca\/wp-content\/uploads\/2021\/04\/icon-paper.svg\"> Lire la suite<\/a>\n        \t\t\t\t\t\t\t\t          \t\t\t\t\t\t\t  <\/div>\n        \t\t\t\t\t  \t  <\/div>\n        \t\t\t\t\t              \t\t\t\t\t\t  <div class=\"cell medium-6\">\n        \t\t\t\t\t\t\t  <div class=\"resource-block\">\n        \t\t\t\t\t\t\t  \t          \t\t\t\t\t\t\t\t  <small>26 septembre 2024<\/small>\n        \t\t\t\t\t\t\t      <h4>Directors\u2019 Duties Navigator: Climate Risk and Sustainability Disclosures<\/h4>\n        \t\t\t\t\t\t\t\t  <p>Les changements climatiques sont un risque financier mat\u00e9riel et syst\u00e9mique pour les entreprises et leurs parties prenantes. Ce guide sur les obligations des administrateurs les aide \u00e0 prendre des d\u00e9cisions inform\u00e9es et \u00e0 comprendre leurs obligations l\u00e9gales concernant la gestion de ce risque et le paysage r\u00e9glementaire plus large li\u00e9 au climat dans lequel ils [&hellip;]<\/p>\n        \t\t\t\t\t\t\t\t          \t\t\t\t\t\t\t\t\t<a href=\"https:\/\/ccli.ubc.ca\/fr\/resource\/directors-duties-navigator-climate-risk-and-sustainability-disclosures\/\"  class=\"button italic-arrow\"><img decoding=\"async\" src=\"https:\/\/ccli.ubc.ca\/wp-content\/uploads\/2021\/04\/icon-paper.svg\"> Lire la suite<\/a>\n        \t\t\t\t\t\t\t\t          \t\t\t\t\t\t\t  <\/div>\n        \t\t\t\t\t  \t  <\/div>\n        \t\t\t\t\t              \t\t\t\t\t\t  <div class=\"cell medium-6\">\n        \t\t\t\t\t\t\t  <div class=\"resource-block\">\n        \t\t\t\t\t\t\t  \t          \t\t\t\t\t\t\t\t  <small>23 juillet 2024<\/small>\n        \t\t\t\t\t\t\t      <h4>Cultiver une gouvernance climatique efficace : un guide \u00e0 l\u2019intention des petites entreprises agricoles<\/h4>\n        \t\t\t\t\t\t\t\t  <p>L&rsquo;objectif de ce guide, destin\u00e9 aux petites fermes de moins de 5 000 hectares (12 355 acres), est de planifier les changements climatiques, au-del\u00e0 de la ferme et de la saison agricole imm\u00e9diate. Les administrateurs de petites entreprises agricoles doivent mettre en place une gouvernance climatique efficace et consid\u00e9rer les risques et opportunit\u00e9s li\u00e9s au [&hellip;]<\/p>\n        \t\t\t\t\t\t\t\t          \t\t\t\t\t\t\t\t\t<a href=\"https:\/\/ccli.ubc.ca\/fr\/resource\/cultiver-une-gouvernance-climatique-efficace-un-guide-a-lintention-des-petites-entreprises-agricoles\/\"  class=\"button italic-arrow\"><img decoding=\"async\" src=\"https:\/\/ccli.ubc.ca\/wp-content\/uploads\/2021\/04\/icon-paper.svg\"> Lire la suite<\/a>\n        \t\t\t\t\t\t\t\t          \t\t\t\t\t\t\t  <\/div>\n        \t\t\t\t\t  \t  <\/div>\n        \t\t\t\t\t              \t\t\t\t\t\t  <div class=\"cell medium-6\">\n        \t\t\t\t\t\t\t  <div class=\"resource-block\">\n        \t\t\t\t\t\t\t  \t          \t\t\t\t\t\t\t\t  <small>13 mai 2024<\/small>\n        \t\t\t\t\t\t\t      <h4>Scaling impact investing in Canada through mobilizing asset owners<\/h4>\n        \t\t\t\t\t\t\t\t  <p>Le groupe a r\u00e9alis\u00e9 une cartographie de l\u2019\u00e9cosyst\u00e8me canadien. Le r\u00e9sultat est ce rapport d\u00e9taill\u00e9 qui d\u00e9crit les d\u00e9fis et les obstacles \u00e0 l&rsquo;investissement d&rsquo;impact au Canada et propose une feuille de route compos\u00e9e de 18 recommandations pour les investisseurs, les gestionnaires d&rsquo;actifs et les b\u00e9n\u00e9ficiaires. Le rapport est disponible en anglais. La version fran\u00e7aise [&hellip;]<\/p>\n        \t\t\t\t\t\t\t\t          \t\t\t\t\t\t\t\t\t<a href=\"https:\/\/ccli.ubc.ca\/fr\/resource\/scaling-impact-investing-in-canada-through-mobilizing-asset-owners\/\"  class=\"button italic-arrow\"><img decoding=\"async\" src=\"https:\/\/ccli.ubc.ca\/wp-content\/uploads\/2021\/04\/icon-paper.svg\"> Lire la suite<\/a>\n        \t\t\t\t\t\t\t\t          \t\t\t\t\t\t\t  <\/div>\n        \t\t\t\t\t  \t  <\/div>\n        \t\t\t\t\t      \t\t\t\t\t              \t\t\t\t  <div class=\"pagination cell text-center\">\n        \t\t\t\t\t  <span aria-current=\"page\" class=\"page-numbers current\">1<\/span>\n<a class=\"page-numbers\" href=\"https:\/\/ccli.ubc.ca\/fr\/wp-json\/wp\/v2\/pages\/4255\/page\/2\/\">2<\/a>\n<a class=\"page-numbers\" href=\"https:\/\/ccli.ubc.ca\/fr\/wp-json\/wp\/v2\/pages\/4255\/page\/3\/\">3<\/a>\n<span class=\"page-numbers dots\">\u2026<\/span>\n<a class=\"page-numbers\" href=\"https:\/\/ccli.ubc.ca\/fr\/wp-json\/wp\/v2\/pages\/4255\/page\/5\/\">5<\/a>\n<a class=\"next page-numbers\" href=\"https:\/\/ccli.ubc.ca\/fr\/wp-json\/wp\/v2\/pages\/4255\/page\/2\/\">Suivant\u00a0\u00bb<\/a>        \t\t\t\t  <\/div>\n      \t\t\t\t  \t\t\t\t\t      \t\t\t\t  <\/div>\n\t\t\t<\/div>\n<\/section>\n\n","protected":false},"excerpt":{"rendered":"","protected":false},"author":4,"featured_media":10669,"parent":3004,"menu_order":0,"comment_status":"closed","ping_status":"closed","template":"","meta":{"_acf_changed":false,"footnotes":""},"class_list":["post-4255","page","type-page","status-publish","has-post-thumbnail","hentry"],"acf":[],"yoast_head":"<!-- This site is optimized with the Yoast SEO plugin v27.5 - https:\/\/yoast.com\/product\/yoast-seo-wordpress\/ -->\n<title>Ressources pour les administrateurs - Canada Climate Law Initiative<\/title>\n<meta name=\"description\" content=\"Comprendre les risques et opportunit\u00e9s li\u00e9s au climat et d\u00e9velopper des comp\u00e9tences climatiques pour rester comp\u00e9titif.\" \/>\n<meta name=\"robots\" content=\"index, follow, max-snippet:-1, max-image-preview:large, max-video-preview:-1\" \/>\n<link rel=\"canonical\" href=\"https:\/\/ccli.ubc.ca\/fr\/notre-pole-des-connaissances\/ressources-administrateurs\/\" \/>\n<meta property=\"og:locale\" content=\"fr_FR\" \/>\n<meta property=\"og:type\" content=\"article\" \/>\n<meta property=\"og:title\" content=\"Ressources pour les administrateurs - Canada Climate Law Initiative\" \/>\n<meta property=\"og:description\" content=\"Comprendre les risques et opportunit\u00e9s li\u00e9s au climat et d\u00e9velopper des comp\u00e9tences climatiques pour rester comp\u00e9titif.\" \/>\n<meta property=\"og:url\" content=\"https:\/\/ccli.ubc.ca\/fr\/notre-pole-des-connaissances\/ressources-administrateurs\/\" \/>\n<meta property=\"og:site_name\" content=\"Canada Climate Law Initiative\" \/>\n<meta property=\"article:modified_time\" content=\"2022-10-12T20:56:36+00:00\" \/>\n<meta property=\"og:image\" content=\"https:\/\/ccli.ubc.ca\/wp-content\/uploads\/2022\/09\/CCLI_websitelinkimage_2022_2-scaled.jpg\" \/>\n\t<meta property=\"og:image:width\" content=\"2560\" \/>\n\t<meta property=\"og:image:height\" content=\"1440\" \/>\n\t<meta property=\"og:image:type\" content=\"image\/jpeg\" \/>\n<meta name=\"twitter:card\" content=\"summary_large_image\" \/>\n<meta name=\"twitter:title\" content=\"Ressources pour les administrateurs - Canada Climate Law Initiative\" \/>\n<meta name=\"twitter:description\" content=\"Comprendre les risques et opportunit\u00e9s li\u00e9s au climat et d\u00e9velopper des comp\u00e9tences climatiques pour rester comp\u00e9titif.\" \/>\n<meta name=\"twitter:image\" content=\"https:\/\/ccli.ubc.ca\/wp-content\/uploads\/2022\/09\/CCLI_websitelinkimage_2022_2-scaled.jpg\" \/>\n<script type=\"application\/ld+json\" class=\"yoast-schema-graph\">{\"@context\":\"https:\\\/\\\/schema.org\",\"@graph\":[{\"@type\":\"WebPage\",\"@id\":\"https:\\\/\\\/ccli.ubc.ca\\\/fr\\\/notre-pole-des-connaissances\\\/ressources-administrateurs\\\/\",\"url\":\"https:\\\/\\\/ccli.ubc.ca\\\/fr\\\/notre-pole-des-connaissances\\\/ressources-administrateurs\\\/\",\"name\":\"Ressources pour les administrateurs - Canada Climate Law Initiative\",\"isPartOf\":{\"@id\":\"https:\\\/\\\/ccli.ubc.ca\\\/#website\"},\"primaryImageOfPage\":{\"@id\":\"https:\\\/\\\/ccli.ubc.ca\\\/fr\\\/notre-pole-des-connaissances\\\/ressources-administrateurs\\\/#primaryimage\"},\"image\":{\"@id\":\"https:\\\/\\\/ccli.ubc.ca\\\/fr\\\/notre-pole-des-connaissances\\\/ressources-administrateurs\\\/#primaryimage\"},\"thumbnailUrl\":\"https:\\\/\\\/ccli.ubc.ca\\\/wp-content\\\/uploads\\\/2022\\\/10\\\/hitoshi-suzuki-1COcTd3pRCg-unsplash-scaled.jpg\",\"datePublished\":\"2021-04-06T20:04:01+00:00\",\"dateModified\":\"2022-10-12T20:56:36+00:00\",\"description\":\"Comprendre les risques et opportunit\u00e9s li\u00e9s au climat et d\u00e9velopper des comp\u00e9tences climatiques pour rester comp\u00e9titif.\",\"breadcrumb\":{\"@id\":\"https:\\\/\\\/ccli.ubc.ca\\\/fr\\\/notre-pole-des-connaissances\\\/ressources-administrateurs\\\/#breadcrumb\"},\"inLanguage\":\"fr-FR\",\"potentialAction\":[{\"@type\":\"ReadAction\",\"target\":[\"https:\\\/\\\/ccli.ubc.ca\\\/fr\\\/notre-pole-des-connaissances\\\/ressources-administrateurs\\\/\"]}]},{\"@type\":\"ImageObject\",\"inLanguage\":\"fr-FR\",\"@id\":\"https:\\\/\\\/ccli.ubc.ca\\\/fr\\\/notre-pole-des-connaissances\\\/ressources-administrateurs\\\/#primaryimage\",\"url\":\"https:\\\/\\\/ccli.ubc.ca\\\/wp-content\\\/uploads\\\/2022\\\/10\\\/hitoshi-suzuki-1COcTd3pRCg-unsplash-scaled.jpg\",\"contentUrl\":\"https:\\\/\\\/ccli.ubc.ca\\\/wp-content\\\/uploads\\\/2022\\\/10\\\/hitoshi-suzuki-1COcTd3pRCg-unsplash-scaled.jpg\",\"width\":2560,\"height\":1707},{\"@type\":\"BreadcrumbList\",\"@id\":\"https:\\\/\\\/ccli.ubc.ca\\\/fr\\\/notre-pole-des-connaissances\\\/ressources-administrateurs\\\/#breadcrumb\",\"itemListElement\":[{\"@type\":\"ListItem\",\"position\":1,\"name\":\"Home\",\"item\":\"https:\\\/\\\/ccli.ubc.ca\\\/fr\\\/\"},{\"@type\":\"ListItem\",\"position\":2,\"name\":\"Notre p\u00f4le des connaissances\",\"item\":\"https:\\\/\\\/ccli.ubc.ca\\\/fr\\\/notre-pole-des-connaissances\\\/\"},{\"@type\":\"ListItem\",\"position\":3,\"name\":\"Ressources pour les administrateurs\"}]},{\"@type\":\"WebSite\",\"@id\":\"https:\\\/\\\/ccli.ubc.ca\\\/#website\",\"url\":\"https:\\\/\\\/ccli.ubc.ca\\\/\",\"name\":\"Canada Climate Law Initiative\",\"description\":\"Understand climate-related risks and opportunities\",\"potentialAction\":[{\"@type\":\"SearchAction\",\"target\":{\"@type\":\"EntryPoint\",\"urlTemplate\":\"https:\\\/\\\/ccli.ubc.ca\\\/?s={search_term_string}\"},\"query-input\":{\"@type\":\"PropertyValueSpecification\",\"valueRequired\":true,\"valueName\":\"search_term_string\"}}],\"inLanguage\":\"fr-FR\"}]}<\/script>\n<!-- \/ Yoast SEO plugin. -->","yoast_head_json":{"title":"Ressources pour les administrateurs - Canada Climate Law Initiative","description":"Comprendre les risques et opportunit\u00e9s li\u00e9s au climat et d\u00e9velopper des comp\u00e9tences climatiques pour rester comp\u00e9titif.","robots":{"index":"index","follow":"follow","max-snippet":"max-snippet:-1","max-image-preview":"max-image-preview:large","max-video-preview":"max-video-preview:-1"},"canonical":"https:\/\/ccli.ubc.ca\/fr\/notre-pole-des-connaissances\/ressources-administrateurs\/","og_locale":"fr_FR","og_type":"article","og_title":"Ressources pour les administrateurs - Canada Climate Law Initiative","og_description":"Comprendre les risques et opportunit\u00e9s li\u00e9s au climat et d\u00e9velopper des comp\u00e9tences climatiques pour rester comp\u00e9titif.","og_url":"https:\/\/ccli.ubc.ca\/fr\/notre-pole-des-connaissances\/ressources-administrateurs\/","og_site_name":"Canada Climate Law Initiative","article_modified_time":"2022-10-12T20:56:36+00:00","og_image":[{"width":2560,"height":1440,"url":"https:\/\/ccli.ubc.ca\/wp-content\/uploads\/2022\/09\/CCLI_websitelinkimage_2022_2-scaled.jpg","type":"image\/jpeg"}],"twitter_card":"summary_large_image","twitter_title":"Ressources pour les administrateurs - Canada Climate Law Initiative","twitter_description":"Comprendre les risques et opportunit\u00e9s li\u00e9s au climat et d\u00e9velopper des comp\u00e9tences climatiques pour rester comp\u00e9titif.","twitter_image":"https:\/\/ccli.ubc.ca\/wp-content\/uploads\/2022\/09\/CCLI_websitelinkimage_2022_2-scaled.jpg","schema":{"@context":"https:\/\/schema.org","@graph":[{"@type":"WebPage","@id":"https:\/\/ccli.ubc.ca\/fr\/notre-pole-des-connaissances\/ressources-administrateurs\/","url":"https:\/\/ccli.ubc.ca\/fr\/notre-pole-des-connaissances\/ressources-administrateurs\/","name":"Ressources pour les administrateurs - Canada Climate Law Initiative","isPartOf":{"@id":"https:\/\/ccli.ubc.ca\/#website"},"primaryImageOfPage":{"@id":"https:\/\/ccli.ubc.ca\/fr\/notre-pole-des-connaissances\/ressources-administrateurs\/#primaryimage"},"image":{"@id":"https:\/\/ccli.ubc.ca\/fr\/notre-pole-des-connaissances\/ressources-administrateurs\/#primaryimage"},"thumbnailUrl":"https:\/\/ccli.ubc.ca\/wp-content\/uploads\/2022\/10\/hitoshi-suzuki-1COcTd3pRCg-unsplash-scaled.jpg","datePublished":"2021-04-06T20:04:01+00:00","dateModified":"2022-10-12T20:56:36+00:00","description":"Comprendre les risques et opportunit\u00e9s li\u00e9s au climat et d\u00e9velopper des comp\u00e9tences climatiques pour rester comp\u00e9titif.","breadcrumb":{"@id":"https:\/\/ccli.ubc.ca\/fr\/notre-pole-des-connaissances\/ressources-administrateurs\/#breadcrumb"},"inLanguage":"fr-FR","potentialAction":[{"@type":"ReadAction","target":["https:\/\/ccli.ubc.ca\/fr\/notre-pole-des-connaissances\/ressources-administrateurs\/"]}]},{"@type":"ImageObject","inLanguage":"fr-FR","@id":"https:\/\/ccli.ubc.ca\/fr\/notre-pole-des-connaissances\/ressources-administrateurs\/#primaryimage","url":"https:\/\/ccli.ubc.ca\/wp-content\/uploads\/2022\/10\/hitoshi-suzuki-1COcTd3pRCg-unsplash-scaled.jpg","contentUrl":"https:\/\/ccli.ubc.ca\/wp-content\/uploads\/2022\/10\/hitoshi-suzuki-1COcTd3pRCg-unsplash-scaled.jpg","width":2560,"height":1707},{"@type":"BreadcrumbList","@id":"https:\/\/ccli.ubc.ca\/fr\/notre-pole-des-connaissances\/ressources-administrateurs\/#breadcrumb","itemListElement":[{"@type":"ListItem","position":1,"name":"Home","item":"https:\/\/ccli.ubc.ca\/fr\/"},{"@type":"ListItem","position":2,"name":"Notre p\u00f4le des connaissances","item":"https:\/\/ccli.ubc.ca\/fr\/notre-pole-des-connaissances\/"},{"@type":"ListItem","position":3,"name":"Ressources pour les administrateurs"}]},{"@type":"WebSite","@id":"https:\/\/ccli.ubc.ca\/#website","url":"https:\/\/ccli.ubc.ca\/","name":"Canada Climate Law Initiative","description":"Understand climate-related risks and opportunities","potentialAction":[{"@type":"SearchAction","target":{"@type":"EntryPoint","urlTemplate":"https:\/\/ccli.ubc.ca\/?s={search_term_string}"},"query-input":{"@type":"PropertyValueSpecification","valueRequired":true,"valueName":"search_term_string"}}],"inLanguage":"fr-FR"}]}},"_links":{"self":[{"href":"https:\/\/ccli.ubc.ca\/fr\/wp-json\/wp\/v2\/pages\/4255","targetHints":{"allow":["GET"]}}],"collection":[{"href":"https:\/\/ccli.ubc.ca\/fr\/wp-json\/wp\/v2\/pages"}],"about":[{"href":"https:\/\/ccli.ubc.ca\/fr\/wp-json\/wp\/v2\/types\/page"}],"author":[{"embeddable":true,"href":"https:\/\/ccli.ubc.ca\/fr\/wp-json\/wp\/v2\/users\/4"}],"replies":[{"embeddable":true,"href":"https:\/\/ccli.ubc.ca\/fr\/wp-json\/wp\/v2\/comments?post=4255"}],"version-history":[{"count":5,"href":"https:\/\/ccli.ubc.ca\/fr\/wp-json\/wp\/v2\/pages\/4255\/revisions"}],"predecessor-version":[{"id":10829,"href":"https:\/\/ccli.ubc.ca\/fr\/wp-json\/wp\/v2\/pages\/4255\/revisions\/10829"}],"up":[{"embeddable":true,"href":"https:\/\/ccli.ubc.ca\/fr\/wp-json\/wp\/v2\/pages\/3004"}],"wp:featuredmedia":[{"embeddable":true,"href":"https:\/\/ccli.ubc.ca\/fr\/wp-json\/wp\/v2\/media\/10669"}],"wp:attachment":[{"href":"https:\/\/ccli.ubc.ca\/fr\/wp-json\/wp\/v2\/media?parent=4255"}],"curies":[{"name":"wp","href":"https:\/\/api.w.org\/{rel}","templated":true}]}}